{"id":90,"date":"2019-11-10T23:17:38","date_gmt":"2019-11-10T22:17:38","guid":{"rendered":"http:\/\/film.killius.eu\/?page_id=90"},"modified":"2023-08-04T11:45:32","modified_gmt":"2023-08-04T09:45:32","slug":"adolf-wohlbrueck-anton-walbrook","status":"publish","type":"page","link":"https:\/\/film.killius.eu\/?page_id=90","title":{"rendered":"Adolf Wohlbr\u00fcck\/Anton Walbrook"},"content":{"rendered":"\n<p><strong>Schauspielgenie aus Wien<\/strong><\/p>\n\n\n\n<p>Adolf Wilhelm \/ Anton Wohlbr\u00fcck wurde 1896 geboren. Er war der Sohn des Zirkusclowns Adolf Ferdinand Wohlbr\u00fcck (1864\u20131930). Im <a href=\"https:\/\/de.wikipedia.org\/wiki\/Erster_Weltkrieg\">Ersten Weltkrieg<\/a> geriet er in franz\u00f6sische Gefangenschaft, wo er ein Gefangenschaftstheater gr\u00fcndete. Danach setzte er seine Karriere an verschiedenen B\u00fchnen in <a href=\"https:\/\/de.wikipedia.org\/wiki\/M%C3%BCnchen\">M\u00fcnchen<\/a>, <a href=\"https:\/\/de.wikipedia.org\/wiki\/Dresden\">Dresden<\/a> und Berlin fort.<\/p>\n\n\n\n<p>Wohlbr\u00fcck, der als Sohn einer J\u00fcdin politisch ein vehementer Gegner des nationalsozialistischen Regimes war, emigrierte 1936 \u00fcber <a href=\"https:\/\/de.wikipedia.org\/wiki\/Frankreich\">Frankreich<\/a> und <a href=\"https:\/\/de.wikipedia.org\/wiki\/Hollywood\">Hollywood<\/a> nach <a href=\"https:\/\/de.wikipedia.org\/wiki\/England\">England<\/a> und arbeitete dort als <em>Anton Walbrook<\/em> \u2013 \u201eAdolf\u201c h\u00e4tte seinerzeit sicher Ansto\u00df erregt, meinte er mit Recht.<\/p>\n\n\n\n<p><strong>Gro\u00dfe Karriere als Anton Walbrook<\/strong><\/p>\n\n\n\n<p>Im Gegensatz zu vielen anderen deutschsprachigen Schauspielern konnte er auch im englischsprachigen Exil gro\u00dfe Erfolge verzeichnen. Eine seiner ersten Rollen dort war <a href=\"https:\/\/de.wikipedia.org\/wiki\/Albert_von_Sachsen-Coburg_und_Gotha\">Prinz Albert<\/a> im 1937 erschienenen Historienfilm \u201e<a href=\"https:\/\/de.wikipedia.org\/wiki\/K%C3%B6nigin_Viktoria_(Film)\"><em>K\u00f6nigin Viktoria<\/em><\/a><em>\u201c <\/em>und dessen Fortsetzung<em>.<\/em>\u201c Ebenfalls spielte Wohlbr\u00fcck elegante, finstere Ausl\u00e4nder; so etwa als m\u00f6rderischer Ehemann im Filmthriller \u201e<a href=\"https:\/\/de.wikipedia.org\/wiki\/Gaslicht_(1940)\"><em>Gaslight<\/em><\/a> \u201e(1940) sowie als brutaler Ballettmeister in \u201e<a href=\"https:\/\/de.wikipedia.org\/wiki\/Die_roten_Schuhe_(1948)\"><em>Die roten Schuhe<\/em><\/a> \u201e(1948) unter Leitung des Regieduos <a href=\"https:\/\/de.wikipedia.org\/wiki\/Michael_Powell\">Powell<\/a>\u2013<a href=\"https:\/\/de.wikipedia.org\/wiki\/Emeric_Pressburger\">Pressburger<\/a>. &nbsp;In dieser Zeit setzte er sich aktiv f\u00fcr j\u00fcdische Schauspieler und \u201enichtarische\u201c Angeh\u00f6rige deutscher Schauspieler ein, finanziell oder indem er ihnen die Wege zur Flucht ebnen half.&nbsp;1947 nahm er die <a href=\"https:\/\/de.wikipedia.org\/wiki\/Vereinigtes_K%C3%B6nigreich\">britische<\/a> <a href=\"https:\/\/de.wikipedia.org\/wiki\/Staatsb%C3%BCrgerschaft\">Staatsb\u00fcrgerschaft<\/a> an. &nbsp;Nach dem <a href=\"https:\/\/de.wikipedia.org\/wiki\/Zweiter_Weltkrieg\">Zweiten Weltkrieg<\/a> stand er auch wieder auf deutschen B\u00fchnen. Zuerst 1951 in D\u00fcsseldorf unter <a href=\"https:\/\/de.wikipedia.org\/wiki\/Gustaf_Gr%C3%BCndgens\">Gustaf Gr\u00fcndgens<\/a>. In \u201e<a href=\"https:\/\/de.wikipedia.org\/wiki\/Der_Reigen_(1950)\"><em>Der Reigen<\/em><\/a><em>\u201c<\/em> unter der Regie von <a href=\"https:\/\/de.wikipedia.org\/wiki\/Max_Oph%C3%BCls\">Max Oph\u00fcls<\/a> verk\u00f6rperte er die Rolle des allwissenden <a href=\"https:\/\/de.wikipedia.org\/wiki\/Conf%C3%A9rencier\">Conf\u00e9renciers<\/a>. Er starb am 9. August 1967.<\/p>\n\n\n\n<p>Adolf Wohlbr\u00fcck wirkte geheimnisvoll wegen des besonderen Zaubers seiner Stimme mit dem exquisit gehandhabten Wiener Akzent, den er auch in England weiter kultivierte. Da verwundert auch nicht, dass Wohlbr\u00fcck \u2013 Max-Reinhardt-Sch\u00fcler aus zehn Generationen alter Theaterfamilie \u2013 trotz B\u00fchnenbekanntheit erst im Tonfilm den Durchbruch schaffte. &nbsp;Er gilt als gr\u00f6\u00dfter Schauspieler der 30er Jahre, als Meister im Unterspielen durch seine souver\u00e4ne Art, sein differenziertes Spiel in Gestik und Mimik.<\/p>\n","protected":false},"excerpt":{"rendered":"<p>Schauspielgenie aus Wien Adolf Wilhelm \/ Anton Wohlbr\u00fcck wurde 1896 geboren. Er war der Sohn des Zirkusclowns Adolf Ferdinand Wohlbr\u00fcck<\/p>\n","protected":false},"author":1,"featured_media":0,"parent":0,"menu_order":0,"comment_status":"closed","ping_status":"closed","template":"","meta":{"footnotes":""},"class_list":["post-90","page","type-page","status-publish","hentry"],"_links":{"self":[{"href":"https:\/\/film.killius.eu\/index.php?rest_route=\/wp\/v2\/pages\/90","targetHints":{"allow":["GET"]}}],"collection":[{"href":"https:\/\/film.killius.eu\/index.php?rest_route=\/wp\/v2\/pages"}],"about":[{"href":"https:\/\/film.killius.eu\/index.php?rest_route=\/wp\/v2\/types\/page"}],"author":[{"embeddable":true,"href":"https:\/\/film.killius.eu\/index.php?rest_route=\/wp\/v2\/users\/1"}],"replies":[{"embeddable":true,"href":"https:\/\/film.killius.eu\/index.php?rest_route=%2Fwp%2Fv2%2Fcomments&post=90"}],"version-history":[{"count":3,"href":"https:\/\/film.killius.eu\/index.php?rest_route=\/wp\/v2\/pages\/90\/revisions"}],"predecessor-version":[{"id":654,"href":"https:\/\/film.killius.eu\/index.php?rest_route=\/wp\/v2\/pages\/90\/revisions\/654"}],"wp:attachment":[{"href":"https:\/\/film.killius.eu\/index.php?rest_route=%2Fwp%2Fv2%2Fmedia&parent=90"}],"curies":[{"name":"wp","href":"https:\/\/api.w.org\/{rel}","templated":true}]}}