{"id":88,"date":"2019-11-10T23:17:05","date_gmt":"2019-11-10T22:17:05","guid":{"rendered":"http:\/\/film.killius.eu\/?page_id=88"},"modified":"2020-01-06T12:46:05","modified_gmt":"2020-01-06T11:46:05","slug":"maria-cebotari","status":"publish","type":"page","link":"https:\/\/film.killius.eu\/?page_id=88","title":{"rendered":"Maria Cebotari"},"content":{"rendered":"\n<figure class=\"wp-block-gallery columns-3 is-cropped wp-block-gallery-1 is-layout-flex wp-block-gallery-is-layout-flex\"><ul class=\"blocks-gallery-grid\"><li class=\"blocks-gallery-item\"><figure><img loading=\"lazy\" decoding=\"async\" width=\"731\" height=\"1024\" src=\"http:\/\/film.killius.eu\/wp-content\/uploads\/2019\/11\/DSC1168-Kopie-2-731x1024.jpg\" alt=\"\" data-id=\"173\" data-link=\"http:\/\/film.killius.eu\/maria-cebotari\/dsc1168-kopie-2\/\" class=\"wp-image-173\" srcset=\"https:\/\/film.killius.eu\/wp-content\/uploads\/2019\/11\/DSC1168-Kopie-2-731x1024.jpg 731w, https:\/\/film.killius.eu\/wp-content\/uploads\/2019\/11\/DSC1168-Kopie-2-214x300.jpg 214w, https:\/\/film.killius.eu\/wp-content\/uploads\/2019\/11\/DSC1168-Kopie-2-768x1076.jpg 768w\" sizes=\"auto, (max-width: 731px) 100vw, 731px\" \/><\/figure><\/li><li class=\"blocks-gallery-item\"><figure><img loading=\"lazy\" decoding=\"async\" width=\"847\" height=\"1024\" src=\"http:\/\/film.killius.eu\/wp-content\/uploads\/2019\/11\/DSC9320lr-Kopie-847x1024.jpg\" alt=\"\" data-id=\"174\" data-link=\"http:\/\/film.killius.eu\/maria-cebotari\/dsc9320lr-kopie\/\" class=\"wp-image-174\" srcset=\"https:\/\/film.killius.eu\/wp-content\/uploads\/2019\/11\/DSC9320lr-Kopie-847x1024.jpg 847w, https:\/\/film.killius.eu\/wp-content\/uploads\/2019\/11\/DSC9320lr-Kopie-248x300.jpg 248w, https:\/\/film.killius.eu\/wp-content\/uploads\/2019\/11\/DSC9320lr-Kopie-768x928.jpg 768w, https:\/\/film.killius.eu\/wp-content\/uploads\/2019\/11\/DSC9320lr-Kopie.jpg 1241w\" sizes=\"auto, (max-width: 847px) 100vw, 847px\" \/><\/figure><\/li><li class=\"blocks-gallery-item\"><figure><img loading=\"lazy\" decoding=\"async\" width=\"768\" height=\"1024\" src=\"http:\/\/film.killius.eu\/wp-content\/uploads\/2019\/11\/IMG_1947-2-2-768x1024.jpg\" alt=\"\" data-id=\"237\" data-full-url=\"http:\/\/film.killius.eu\/wp-content\/uploads\/2019\/11\/IMG_1947-2-2-rotated.jpg\" data-link=\"http:\/\/film.killius.eu\/maria-cebotari\/img_1947-2-2\/\" class=\"wp-image-237\" srcset=\"https:\/\/film.killius.eu\/wp-content\/uploads\/2019\/11\/IMG_1947-2-2-768x1024.jpg 768w, https:\/\/film.killius.eu\/wp-content\/uploads\/2019\/11\/IMG_1947-2-2-225x300.jpg 225w, https:\/\/film.killius.eu\/wp-content\/uploads\/2019\/11\/IMG_1947-2-2-1152x1536.jpg 1152w, https:\/\/film.killius.eu\/wp-content\/uploads\/2019\/11\/IMG_1947-2-2-rotated.jpg 1224w\" sizes=\"auto, (max-width: 768px) 100vw, 768px\" \/><\/figure><\/li><\/ul><\/figure>\n\n\n\n<p>Maria Cebotari wurde am 10. Februar 1910 in Chisinau\/Moldawien geboren und ist am 9. Juni 1949 in Wien gestorben. Sie gilt als eine der bedeutendsten Sopranistinnen, die das 20. Jahrhundert in Europa hervorgebracht hat. Sie war nicht nur die mit der h\u00f6chsten Form des Talents gesegnete Primadonna Assoluta der Opernb\u00fchnen, sondern auch eine hochbegabte Schauspielerin. Mit Ehrgeiz, Flei\u00df und unerm\u00fcdlicher Ausdauer erarbeitete sie sich ihre Rollen. Als eine der vielseitigsten S\u00e4ngerinnen, war sie eine K\u00fcnstlerin, die dem Publikum aus Oper, Konzert und Film eine Offenbarung an seltener Harmonie, musikalischer Pr\u00e4zision und grazi\u00f6ser Darstellung bot. <\/p>\n\n\n\n<p>Mit 21 Jahren interpretierte sie die Mimi so beeindruckend, dass ihre Darstellung wegweisend wurde. Mit 24 Jahren wurde sie zur j\u00fcngsten Kammers\u00e4ngerin, die je diesen Titel trug, ernannt.<\/p>\n\n\n\n<p>Als sch\u00f6nste Frau der Opernb\u00fchne stand sie permanent im Fokus der Fotografen und der Presse, beruflich und privat. Ihrem Entdecker und ersten Ehemann, dem russischen Regisseur und Filmschauspieler Alexander Vyrubov gegen\u00fcber zeigte sie sich ewig dankbar. Ihre zweite Ehe mit dem Wiener Filmschauspieler und Grafiker Gustav Diessl begann mit einer Liebesgeschichte zwischen Opernb\u00fchne und Filmateliers, aus der zwei Kinder hervorgingen. <br> Kurz nach dem fr\u00fchen Tod von Gustav Diessl ist sie, im Zenith ihres k\u00fcnstlerischen Schaffens, gestorben. Nie ist eine K\u00fcnstlerin mit mehr Liebe und Verehrung von Zehntausenden zu ihrer letzten Ruhest\u00e4tte begleitet worden. <\/p>\n\n\n\n<p>Sie bleibt unvergessen durch ihre Opern und Filme. In Dresden, Wien, Salzburg und Chisinau sind Stra\u00dfen nach ihr benannt, in Berlin und Wien ist ihr Name auf Gedenktafeln verewigt worden.<\/p>\n\n\n\n<div class=\"wp-block-file\"><a href=\"http:\/\/film.killius.eu\/wp-content\/uploads\/2019\/11\/Premiere-der-Butterfly-Kopie.pdf\">Premiere der Butterfly<\/a><a href=\"http:\/\/film.killius.eu\/wp-content\/uploads\/2019\/11\/Premiere-der-Butterfly-Kopie.pdf\" class=\"wp-block-file__button\" download>Herunterladen<\/a><\/div>\n","protected":false},"excerpt":{"rendered":"<p>Maria Cebotari wurde am 10. Februar 1910 in Chisinau\/Moldawien geboren und ist am 9. Juni 1949 in Wien gestorben. Sie<\/p>\n","protected":false},"author":1,"featured_media":0,"parent":0,"menu_order":0,"comment_status":"closed","ping_status":"closed","template":"","meta":{"footnotes":""},"class_list":["post-88","page","type-page","status-publish","hentry"],"_links":{"self":[{"href":"https:\/\/film.killius.eu\/index.php?rest_route=\/wp\/v2\/pages\/88","targetHints":{"allow":["GET"]}}],"collection":[{"href":"https:\/\/film.killius.eu\/index.php?rest_route=\/wp\/v2\/pages"}],"about":[{"href":"https:\/\/film.killius.eu\/index.php?rest_route=\/wp\/v2\/types\/page"}],"author":[{"embeddable":true,"href":"https:\/\/film.killius.eu\/index.php?rest_route=\/wp\/v2\/users\/1"}],"replies":[{"embeddable":true,"href":"https:\/\/film.killius.eu\/index.php?rest_route=%2Fwp%2Fv2%2Fcomments&post=88"}],"version-history":[{"count":6,"href":"https:\/\/film.killius.eu\/index.php?rest_route=\/wp\/v2\/pages\/88\/revisions"}],"predecessor-version":[{"id":318,"href":"https:\/\/film.killius.eu\/index.php?rest_route=\/wp\/v2\/pages\/88\/revisions\/318"}],"wp:attachment":[{"href":"https:\/\/film.killius.eu\/index.php?rest_route=%2Fwp%2Fv2%2Fmedia&parent=88"}],"curies":[{"name":"wp","href":"https:\/\/api.w.org\/{rel}","templated":true}]}}