{"id":70,"date":"2019-11-10T23:06:38","date_gmt":"2019-11-10T22:06:38","guid":{"rendered":"http:\/\/film.killius.eu\/?page_id=70"},"modified":"2019-11-14T11:57:30","modified_gmt":"2019-11-14T10:57:30","slug":"filmseminar-am-22-11-2019","status":"publish","type":"page","link":"https:\/\/film.killius.eu\/?page_id=70","title":{"rendered":"Filmseminar am 22.11.2019"},"content":{"rendered":"\n<p>&#8222;Das gro\u00dfe Spiel&#8220; Fu\u00dfballfilm mit Ren\u00e9 Deltgen und Gustav Knuth (1942)<\/p>\n\n\n\n<p><strong>Filmseminar am 22.11.2019, im Haus der Stadtgeschichte\nin Offenbach<\/strong><\/p>\n\n\n\n<p>Beginn: 15 Uhr- Wissenschaftliche\nEinf\u00fchrung-Filmeinspielung-Diskussion<\/p>\n\n\n\n<p><strong><em>Das gro\u00dfe Spiel<\/em><\/strong> ist\nein deutscher Sportfilm von 1942 und war ein gewaltiger Kassenerfolg.\nHauptdarsteller sind Ren\u00e9 Deltgen und Gustav Knuth.<\/p>\n\n\n\n<p><strong><a href=\"https:\/\/de.wikipedia.org\/wiki\/Sepp_Herberger\">Sepp\nHerberger<\/a><\/strong>, damaliger <a href=\"https:\/\/de.wikipedia.org\/wiki\/Reichstrainer\">Reichstrainer<\/a> und sp\u00e4terer <a href=\"https:\/\/de.wikipedia.org\/wiki\/Bundestrainer\">Bundestrainer<\/a> der <a href=\"https:\/\/de.wikipedia.org\/wiki\/Deutsche_Fu%C3%9Fballnationalmannschaft\">deutschen Fu\u00dfballnationalmannschaft<\/a>, und <a href=\"https:\/\/de.wikipedia.org\/wiki\/Liste_der_Boxweltmeister_im_Schwergewicht\">Schwergewichts-Boxweltmeister<\/a> <a href=\"https:\/\/de.wikipedia.org\/wiki\/Max_Schmeling\"><strong>Max Schmeling<\/strong><\/a>\nsind in diesem Film als Zuschauer zu sehen.<\/p>\n","protected":false},"excerpt":{"rendered":"<p>&#8222;Das gro\u00dfe Spiel&#8220; Fu\u00dfballfilm mit Ren\u00e9 Deltgen und Gustav Knuth (1942) Filmseminar am 22.11.2019, im Haus der Stadtgeschichte in Offenbach<\/p>\n","protected":false},"author":1,"featured_media":139,"parent":0,"menu_order":0,"comment_status":"closed","ping_status":"closed","template":"","meta":{"footnotes":""},"class_list":["post-70","page","type-page","status-publish","has-post-thumbnail","hentry"],"_links":{"self":[{"href":"https:\/\/film.killius.eu\/index.php?rest_route=\/wp\/v2\/pages\/70","targetHints":{"allow":["GET"]}}],"collection":[{"href":"https:\/\/film.killius.eu\/index.php?rest_route=\/wp\/v2\/pages"}],"about":[{"href":"https:\/\/film.killius.eu\/index.php?rest_route=\/wp\/v2\/types\/page"}],"author":[{"embeddable":true,"href":"https:\/\/film.killius.eu\/index.php?rest_route=\/wp\/v2\/users\/1"}],"replies":[{"embeddable":true,"href":"https:\/\/film.killius.eu\/index.php?rest_route=%2Fwp%2Fv2%2Fcomments&post=70"}],"version-history":[{"count":3,"href":"https:\/\/film.killius.eu\/index.php?rest_route=\/wp\/v2\/pages\/70\/revisions"}],"predecessor-version":[{"id":140,"href":"https:\/\/film.killius.eu\/index.php?rest_route=\/wp\/v2\/pages\/70\/revisions\/140"}],"wp:featuredmedia":[{"embeddable":true,"href":"https:\/\/film.killius.eu\/index.php?rest_route=\/wp\/v2\/media\/139"}],"wp:attachment":[{"href":"https:\/\/film.killius.eu\/index.php?rest_route=%2Fwp%2Fv2%2Fmedia&parent=70"}],"curies":[{"name":"wp","href":"https:\/\/api.w.org\/{rel}","templated":true}]}}