{"id":461,"date":"2020-07-24T18:01:18","date_gmt":"2020-07-24T16:01:18","guid":{"rendered":"http:\/\/film.killius.eu\/?page_id=461"},"modified":"2020-08-02T11:36:29","modified_gmt":"2020-08-02T09:36:29","slug":"regisseure","status":"publish","type":"page","link":"https:\/\/film.killius.eu\/?page_id=461","title":{"rendered":"Filmregie"},"content":{"rendered":"\n<p>Der Begriff \u201e<strong>Regie<\/strong>\u201c ist beim Kino und Theater klar definiert.<br>Der <strong>Regisseur<\/strong>, fr\u00fcher Spielleiter, ist der k\u00fcnstlerische und kreative Leiter einer Film- oder Theaterproduktion im Gegensatz zum Produzenten, der die Produktion administrativ leitet.<br>Der Regisseur gilt als Haupturheber eines dargestellten Werkes, der es pers\u00f6nlich pr\u00e4gt unter Verwendung und Bearbeitung bestehender Werke (Drehb\u00fccher und Filmkompositionen).<br>Der Begriff leitet sich von franz\u00f6sisch \u201e<em>r\u00e9gisseur<\/em>\u201c ab. Im Franz\u00f6sischen wird ein Regisseur allerdings als <em>r\u00e9alisateur<\/em> bezeichnet. W\u00e4hrend mit dem Begriff des Regisseurs dort der Aufnahme-oder Betriebsleiter bezeichnet wird.<\/p>\n\n\n\n<p>Einige Hauptaufgaben der Regisseurs sind:<\/p>\n\n\n\n<ul class=\"wp-block-list\"><li>Dramaturgische Bearbeitung einer stofflichen Vorlage,<\/li><li>Erarbeitung des Drehbuches im Hinblick auf k\u00fcnstlerisch-technischen Aufwand, Kalkulation und Produktionsablauf,<\/li><li>Auswahl der Darsteller,<\/li><li>Auswahl des k\u00fcnstlerisch-technischen Stabes, (Musik, Ton, Requisite, Szenenbild, Kost\u00fcmbild, Schnitt, Regieassistenz),<\/li><li>Erarbeitung der Bildfolge f\u00fcr den Szenenablauf,<\/li><li>Auswahl von Drehorten,<\/li><li>Festlegung von Massenszenen, Spezialeffekten und Stunts,<\/li><li>Vorgespr\u00e4che mit den Hauptdarstellern zur Konzeption der Rolle,<\/li><li>Erarbeitung einer musikalischen Konzeption f\u00fcr das Werk,<\/li><li>Durchf\u00fchrung der Dreharbeiten (Einrichtung des Sets, Anzahl der Einstellungen, Bewegungen und Bildausschnitte der Kamera),<\/li><li>Herstellung der endg\u00fcltigen Fassung des Films (\u00dcberwachung der Sprach-Synchronisation, der Musik- und Ger\u00e4uschaufnahmen, Festlegung der Titelgestaltung, Mitwirkung bei der optischen oder elektronischen Lichtbestimmung und Farbkorrektur).<\/li><\/ul>\n","protected":false},"excerpt":{"rendered":"<p>Der Begriff \u201eRegie\u201c ist beim Kino und Theater klar definiert.Der Regisseur, fr\u00fcher Spielleiter, ist der k\u00fcnstlerische und kreative Leiter einer<\/p>\n","protected":false},"author":2,"featured_media":0,"parent":0,"menu_order":0,"comment_status":"closed","ping_status":"closed","template":"","meta":{"footnotes":""},"class_list":["post-461","page","type-page","status-publish","hentry"],"_links":{"self":[{"href":"https:\/\/film.killius.eu\/index.php?rest_route=\/wp\/v2\/pages\/461","targetHints":{"allow":["GET"]}}],"collection":[{"href":"https:\/\/film.killius.eu\/index.php?rest_route=\/wp\/v2\/pages"}],"about":[{"href":"https:\/\/film.killius.eu\/index.php?rest_route=\/wp\/v2\/types\/page"}],"author":[{"embeddable":true,"href":"https:\/\/film.killius.eu\/index.php?rest_route=\/wp\/v2\/users\/2"}],"replies":[{"embeddable":true,"href":"https:\/\/film.killius.eu\/index.php?rest_route=%2Fwp%2Fv2%2Fcomments&post=461"}],"version-history":[{"count":4,"href":"https:\/\/film.killius.eu\/index.php?rest_route=\/wp\/v2\/pages\/461\/revisions"}],"predecessor-version":[{"id":479,"href":"https:\/\/film.killius.eu\/index.php?rest_route=\/wp\/v2\/pages\/461\/revisions\/479"}],"wp:attachment":[{"href":"https:\/\/film.killius.eu\/index.php?rest_route=%2Fwp%2Fv2%2Fmedia&parent=461"}],"curies":[{"name":"wp","href":"https:\/\/api.w.org\/{rel}","templated":true}]}}