{"id":297,"date":"2020-01-06T03:49:55","date_gmt":"2020-01-06T02:49:55","guid":{"rendered":"http:\/\/film.killius.eu\/?page_id=297"},"modified":"2020-10-21T20:19:02","modified_gmt":"2020-10-21T18:19:02","slug":"alexander-vyrubov","status":"publish","type":"page","link":"https:\/\/film.killius.eu\/?page_id=297","title":{"rendered":"Alexander Alexandrovitsch Vyrubov"},"content":{"rendered":"\n<p>Russischer Filmstar und Regisseur<\/p>\n\n\n\n<p>Am 21. Juli 1882 in Russland geboren<br>Am 2. Juni  1962 in Frankreich gestorben<\/p>\n\n\n\n<p>Alexandr Alexandrovi\u0107 Vyrubov wurde am 21. Juli 1882 in Kiew geboren und ist am 2. Juni 1962 in Cormeilles &#8211; en &#8211; Parisi, D\u00e9partement Val-d\u2019Oise, gestorben. Er gilt in russischen Medien auch heute noch als ein im russischen Sprachraum bekannter und beachtlicher Theaterschauspieler, der bis zu seinem Tod 1962 auf der B\u00fchne stand.<\/p>\n\n\n\n<p>Nachdem er das Gymnasium in Kiev beendet hatte, besuchte er die Fakult\u00e4t f\u00fcr Rechtswissenschaften an der St. Vladimirs-Universit\u00e4t in Kiev nach dem Vorbild seines Vaters. Er wollte aber nicht wie dieser, einen juristischen Beruf ergreifen, sondern Schauspieler werden. Deshalb besuchte er noch die Russische Schule f\u00fcr Dramakunst in Kiev, die er 1905 mit Erfolg abschloss. Danach war er als Schauspieler (jugendlicher Held und Liebhaber) an verschiedenen Theatern, z. B. in Vilnius am Belyayev-Theater, engagiert.<\/p>\n\n\n\n<p>Von 1911 &#8211; 1922 ist er in Moskau am ber\u00fchmten K\u00fcnstlertheater, das 1898 von Konstantin Stanislavski gegr\u00fcndet wurde, wo er in den o.g. Rollen auftrat. In einigen St\u00fccken von Tolstoi, Shakespeare, Dickens u.a. f\u00fchrte er auch Regie.<br>W\u00e4hrend dieser Moskauer Zeit spielte er in 18 Filmen als Protagonist. Er arbeitete mit den Regisseuren: Piotr Chardinin, Cheslav Sabinski, Evghenin Bauer, Alexander Chargonin, Iosif Solfer. Alle Filme wurden im Studio der Russischen Filmpioniere A. Khanzhonikov gedreht. Seine Filmpartner waren: Vera Kholodnaya, Lidia Koreneva, Arznei Bibikov, Ivan Mozzhujhin u.a.<br>Im Jahr 1922 ging er mit einem gro\u00dfen Teil des K\u00fcnstlertheaters auf Tournee nach Prag, Berlin, Dresden, Paris, Riga u.a.. Man beschloss unterwegs aufgrund von Revolution und B\u00fcrgerkrieg in Russland nicht mehr dorthin zur\u00fcckkehren. Die Truppe blieb in Prag und nannte sich ab 1922\u00a0\u201ePrager Gruppe\u201c.<br>Immer wieder gab sie Gastspiele in Berlin, wo viele Russen im Exil lebten. So kam auch der Kontakt zur Ufa zustande, da viele qualifizierte Schauspieler in Berlin zur Verf\u00fcgung standen und man in Deutschland sehr begierig auf russische Literatur war. Vyrubov spielte in drei Ufa-Produktionen.<\/p>\n\n\n\n<figure class=\"wp-block-gallery columns-1 is-cropped wp-block-gallery-1 is-layout-flex wp-block-gallery-is-layout-flex\"><ul class=\"blocks-gallery-grid\"><li class=\"blocks-gallery-item\"><figure><img loading=\"lazy\" decoding=\"async\" width=\"505\" height=\"808\" src=\"http:\/\/film.killius.eu\/wp-content\/uploads\/2020\/06\/\u0412\u044b\u0440\u0443\u0431\u043e\u0432-2.jpg\" alt=\"\" data-id=\"455\" data-full-url=\"http:\/\/film.killius.eu\/wp-content\/uploads\/2020\/06\/\u0412\u044b\u0440\u0443\u0431\u043e\u0432-2.jpg\" data-link=\"http:\/\/film.killius.eu\/alexander-vyrubov\/%d0%b2%d1%8b%d1%80%d1%83%d0%b1%d0%be%d0%b2-2\/\" class=\"wp-image-455\" srcset=\"https:\/\/film.killius.eu\/wp-content\/uploads\/2020\/06\/\u0412\u044b\u0440\u0443\u0431\u043e\u0432-2.jpg 505w, https:\/\/film.killius.eu\/wp-content\/uploads\/2020\/06\/\u0412\u044b\u0440\u0443\u0431\u043e\u0432-2-188x300.jpg 188w\" sizes=\"auto, (max-width: 505px) 100vw, 505px\" \/><\/figure><\/li><\/ul><\/figure>\n\n\n\n<p>Im Jahr 1928 lernte er auf einer Theatertournee nach Kishinau (heute Republik Moldau) die junge Maria Cebotar kennen, verliebte sich in sie, und verpflichtete sie als S\u00e4ngerin und Schauspielerin f\u00fcr seine Tournee durch Osteuropa bis nach Paris.<br>Dort erreichte ihn von der Ufa das Angebot f\u00fcr seinen dritten deutschen Film. Er hatte inzwischen beschlossen, nicht mehr mit den anderen Kollegen nach Prag zur\u00fcckzukehren und mit Maria Cebotar, deren Talent er l\u00e4ngst erkannt hatte, in Berlin zu bleiben, um sie dort musikalisch weiter f\u00f6rdern zu lassen.<br>Am 11. August 1930 heiratete er die 27 Jahre j\u00fcngere Maria Cebotar in Kischinau. Diese arbeitete in Berlin angekommen mit viel Flei\u00df an ihrer Karriere und lernte schnell Deutsch im Gegensatz zu Vyrubov, der keine Filmangebote mehr bekam, weil jetzt der Tonfilm den Stummfilm ersetzte.<br>Er bet\u00e4tigte sich als Manager seiner Frau, deren Namen er zu Cebotari ver\u00e4ndert hatte und die als bedeutende Sopranistin auf Europas Opernb\u00fchnen ber\u00fchmt wurde.<br>Als Maria Cebotari sich bei den Dreharbeiten zu \u201eStarke Herzen\u201c 1937 in ihren Partner Gustav Diessl verliebte, kam es 1938 zur Scheidung von Vyrubov. Maria Cebotari blieb ihm ewig dankbar.<br>Vyrubovs Leben als Manager seiner Ex-Frau spielte sich ab 1938 weiterhin in Berlin vor allem in russischen Emigrantenkreisen ab, wo Shaljapin, Olga Tschechova, Anna Pavlova und andere Ber\u00fchmtheiten verkehrten.<br>W\u00e4hrend des Zweiten Weltkriegs hielt er sich in Riga, aber auch in Prag auf.<br>Ab 1948 lebte er in Paris, wo er im Russischen Theater dank seiner Bekanntheit und fr\u00fcheren Ber\u00fchmtheit auftrat und auch an Tourneen, z. B. nach England teilnahm. Seine letzten Lebensjahre verbrachte er im Russischen Haus, einem Altenheim f\u00fcr russische K\u00fcnstler, in Cormeilles &#8211; en &#8211; Parisi, nordwestlich von Paris, wo er gestorben ist.<\/p>\n","protected":false},"excerpt":{"rendered":"<p>Russischer Filmstar und Regisseur Am 21. Juli 1882 in Russland geborenAm 2. Juni 1962 in Frankreich gestorben Alexandr Alexandrovi\u0107 Vyrubov<\/p>\n","protected":false},"author":2,"featured_media":175,"parent":0,"menu_order":0,"comment_status":"closed","ping_status":"closed","template":"","meta":{"footnotes":""},"class_list":["post-297","page","type-page","status-publish","has-post-thumbnail","hentry"],"_links":{"self":[{"href":"https:\/\/film.killius.eu\/index.php?rest_route=\/wp\/v2\/pages\/297","targetHints":{"allow":["GET"]}}],"collection":[{"href":"https:\/\/film.killius.eu\/index.php?rest_route=\/wp\/v2\/pages"}],"about":[{"href":"https:\/\/film.killius.eu\/index.php?rest_route=\/wp\/v2\/types\/page"}],"author":[{"embeddable":true,"href":"https:\/\/film.killius.eu\/index.php?rest_route=\/wp\/v2\/users\/2"}],"replies":[{"embeddable":true,"href":"https:\/\/film.killius.eu\/index.php?rest_route=%2Fwp%2Fv2%2Fcomments&post=297"}],"version-history":[{"count":6,"href":"https:\/\/film.killius.eu\/index.php?rest_route=\/wp\/v2\/pages\/297\/revisions"}],"predecessor-version":[{"id":502,"href":"https:\/\/film.killius.eu\/index.php?rest_route=\/wp\/v2\/pages\/297\/revisions\/502"}],"wp:featuredmedia":[{"embeddable":true,"href":"https:\/\/film.killius.eu\/index.php?rest_route=\/wp\/v2\/media\/175"}],"wp:attachment":[{"href":"https:\/\/film.killius.eu\/index.php?rest_route=%2Fwp%2Fv2%2Fmedia&parent=297"}],"curies":[{"name":"wp","href":"https:\/\/api.w.org\/{rel}","templated":true}]}}