{"id":166,"date":"2019-11-14T12:10:26","date_gmt":"2019-11-14T11:10:26","guid":{"rendered":"http:\/\/film.killius.eu\/?page_id=166"},"modified":"2022-10-05T09:02:50","modified_gmt":"2022-10-05T07:02:50","slug":"renate-mueller","status":"publish","type":"page","link":"https:\/\/film.killius.eu\/?page_id=166","title":{"rendered":"Renate M\u00fcller"},"content":{"rendered":"\n<p><strong>Renate M\u00fcller&nbsp; 1906 -1937<\/strong><\/p>\n\n\n\n<p>war eine deutsche Schauspielerin und S\u00e4ngerin, spielte sowohl in Stumm- und Tonfilmen als auch auf der B\u00fchne. Sie erhielt eine Ausbildung als Schauspielerin und S\u00e4ngerin.<\/p>\n\n\n\n<p>Der Regisseur Reinhold Sch\u00fcnzel entdeckte sie 1928 f\u00fcr den Stummfilm, und sie erhielt dort mehrere gro\u00dfe Rollen. Doch ihre gesanglich gebildete Stimme kam erst so richtig durch den Tonfilm zum Tragen. Mit <em>Liebling der G\u00f6tter<\/em> (1930) \u00fcber <em>Viktor und Viktoria<\/em> (1933) und <em>Allotria<\/em> (1936) wurde sie zu einem Markenzeichen des deutschen Films. Dar\u00fcber hinaus avancierte das von ihr gesungene Lied <em>Ich bin ja heut so gl\u00fccklich<\/em> aus <em>Die Privatsekret\u00e4rin<\/em> (1931) zu einem \u00fcberaus popul\u00e4ren Schlager.<\/p>\n\n\n\n<p>Renate M\u00fcller galt zu dieser Zeit als Inbegriff des sauberen jungen M\u00e4dchens und bildete damit einen Kontrast zur verf\u00fchrerischen Femme fatale, von der die Stummfilmzeit wesentlich gepr\u00e4gt war.<\/p>\n\n\n\n<p>Am 7. Oktober 1937 verstarb sie unerwartet in einem Berliner Krankenhaus, nachdem sie vierzehn Tage zuvor aus dem ersten Stockwerk ihrer Villa gest\u00fcrzt war. Ihr Tod gab Anlass zu vielen Spekulationen. Sicher ist, dass Propagandaminister Goebbels sie mit Hitler verkuppeln wollte und sie kein Interesse zeigte. Seither wurde ihre k\u00fcnstlerische Arbeit systematisch behindert, zumal bekannt wurde, dass sie ihren j\u00fcdischen Freund, der nach England emigriert war, h\u00e4ufig besuchte. Aufgrund ihrer Popularit\u00e4t bekam sie 1936 noch zweimal eine Hauptrolle in den unpolitischen Filmen <em>Eskapade<\/em> und <em>Allotria<\/em>.<\/p>\n\n\n\n<div class=\"wp-block-file\"><a id=\"wp-block-file--media-e43467df-66aa-42b3-b5d2-47e26af330e7\" href=\"http:\/\/film.killius.eu\/wp-content\/uploads\/2019\/11\/Info-u\u0308ber-Renate-Mu\u0308ller.pdf\">Info-u\u0308ber-Renate-Mu\u0308ller<\/a><a href=\"http:\/\/film.killius.eu\/wp-content\/uploads\/2019\/11\/Info-u\u0308ber-Renate-Mu\u0308ller.pdf\" class=\"wp-block-file__button\" download aria-describedby=\"wp-block-file--media-e43467df-66aa-42b3-b5d2-47e26af330e7\">Herunterladen<\/a><\/div>\n","protected":false},"excerpt":{"rendered":"<p>Renate M\u00fcller&nbsp; 1906 -1937 war eine deutsche Schauspielerin und S\u00e4ngerin, spielte sowohl in Stumm- und Tonfilmen als auch auf der<\/p>\n","protected":false},"author":2,"featured_media":167,"parent":0,"menu_order":0,"comment_status":"closed","ping_status":"closed","template":"","meta":{"footnotes":""},"class_list":["post-166","page","type-page","status-publish","has-post-thumbnail","hentry"],"_links":{"self":[{"href":"https:\/\/film.killius.eu\/index.php?rest_route=\/wp\/v2\/pages\/166","targetHints":{"allow":["GET"]}}],"collection":[{"href":"https:\/\/film.killius.eu\/index.php?rest_route=\/wp\/v2\/pages"}],"about":[{"href":"https:\/\/film.killius.eu\/index.php?rest_route=\/wp\/v2\/types\/page"}],"author":[{"embeddable":true,"href":"https:\/\/film.killius.eu\/index.php?rest_route=\/wp\/v2\/users\/2"}],"replies":[{"embeddable":true,"href":"https:\/\/film.killius.eu\/index.php?rest_route=%2Fwp%2Fv2%2Fcomments&post=166"}],"version-history":[{"count":5,"href":"https:\/\/film.killius.eu\/index.php?rest_route=\/wp\/v2\/pages\/166\/revisions"}],"predecessor-version":[{"id":608,"href":"https:\/\/film.killius.eu\/index.php?rest_route=\/wp\/v2\/pages\/166\/revisions\/608"}],"wp:featuredmedia":[{"embeddable":true,"href":"https:\/\/film.killius.eu\/index.php?rest_route=\/wp\/v2\/media\/167"}],"wp:attachment":[{"href":"https:\/\/film.killius.eu\/index.php?rest_route=%2Fwp%2Fv2%2Fmedia&parent=166"}],"curies":[{"name":"wp","href":"https:\/\/api.w.org\/{rel}","templated":true}]}}